{"id":11244,"date":"2024-03-26T11:26:50","date_gmt":"2024-03-26T10:26:50","guid":{"rendered":"https:\/\/sodapl.com\/?post_type=product&#038;p=11244"},"modified":"2025-01-15T15:32:30","modified_gmt":"2025-01-15T14:32:30","slug":"raport-placowy-soda-2024","status":"publish","type":"product","link":"https:\/\/sodapl.com\/en\/produkt\/raport-placowy-soda-2024\/","title":{"rendered":"Raport P\u0142acowy IT SoDA 2024"},"content":{"rendered":"","protected":false},"excerpt":{"rendered":"<div class=\"c-scrollbar__hider\" role=\"presentation\" data-qa=\"slack_kit_scrollbar\">\n<div class=\"c-scrollbar__child\" role=\"presentation\">\n<div class=\"c-virtual_list__scroll_container\" tabindex=\"-1\" role=\"list\" data-qa=\"slack_kit_list\" aria-label=\"marketing_gang (private channel)\">\n<div id=\"1712829070.015369\" class=\"c-virtual_list__item\" tabindex=\"0\" role=\"listitem\" aria-setsize=\"-1\" data-qa=\"virtual-list-item\" data-item-key=\"1712829070.015369\">\n<div class=\"c-message_kit__background c-message_kit__background--hovered p-message_pane_message__message c-message_kit__message p-message_pane_message__message--last\" role=\"presentation\" data-qa=\"message_container\" data-qa-unprocessed=\"false\" data-qa-placeholder=\"false\">\n<div class=\"c-message_kit__hover c-message_kit__hover--hovered\" role=\"document\" aria-roledescription=\"message\" data-qa-hover=\"true\">\n<div class=\"c-message_kit__actions c-message_kit__actions--default\">\n<div class=\"c-message_kit__gutter\">\n<div class=\"c-message_kit__gutter__right\" role=\"presentation\" data-qa=\"message_content\">\n<div class=\"c-message_kit__blocks c-message_kit__blocks--rich_text\">\n<div class=\"c-message__message_blocks c-message__message_blocks--rich_text\" data-qa=\"message-text\">\n<div class=\"p-block_kit_renderer\" data-qa=\"block-kit-renderer\">\n<div class=\"p-block_kit_renderer__block_wrapper p-block_kit_renderer__block_wrapper--first\">\n<div class=\"p-rich_text_block\" dir=\"auto\">\n<div class=\"p-rich_text_section\">Poznaj najnowsze dane dotycz\u0105ce wynagrodze\u0144, trend\u00f3w i wyzwa\u0144 w IT, oparte o rzeczywiste zarobki pracownik\u00f3w!<\/div>\n<\/div>\n<\/div>\n<\/div>\n<\/div>\n<\/div>\n<\/div>\n<\/div>\n<\/div>\n<\/div>\n<\/div>\n<\/div>\n<\/div>\n<\/div>\n<\/div>\n<div class=\"c-scrollbar__track\" role=\"presentation\"><\/div>\n","protected":false},"featured_media":11256,"template":"","meta":{"_acf_changed":false,"inline_featured_image":false},"product_brand":[],"product_cat":[1424],"product_tag":[],"class_list":{"0":"post-11244","1":"product","2":"type-product","3":"status-publish","4":"has-post-thumbnail","6":"product_cat-platne","8":"first","9":"instock","10":"downloadable","11":"virtual","12":"taxable","13":"purchasable","14":"product-type-simple"},"acf":[],"yoast_head":"<!-- This site is optimized with the Yoast SEO plugin v26.0 - https:\/\/yoast.com\/wordpress\/plugins\/seo\/ -->\n<title>Raport P\u0142acowy IT SoDA 2024 - SoDA<\/title>\n<meta name=\"description\" content=\"Poznaj najnowsze dane dotycz\u0105ce wynagrodze\u0144, trend\u00f3w i wyzwa\u0144 w IT, oparte o rzeczywiste zarobki pracownik\u00f3w!\" \/>\n<meta name=\"robots\" content=\"index, follow, max-snippet:-1, max-image-preview:large, max-video-preview:-1\" \/>\n<link rel=\"canonical\" href=\"https:\/\/sodapl.com\/en\/produkt\/raport-placowy-soda-2024\/\" \/>\n<meta property=\"og:locale\" content=\"en_US\" \/>\n<meta property=\"og:type\" content=\"article\" \/>\n<meta property=\"og:title\" content=\"Raport P\u0142acowy IT SoDA 2024 - SoDA\" \/>\n<meta property=\"og:description\" content=\"Poznaj najnowsze dane dotycz\u0105ce wynagrodze\u0144, trend\u00f3w i wyzwa\u0144 w IT, oparte o rzeczywiste zarobki pracownik\u00f3w!\" \/>\n<meta property=\"og:url\" content=\"https:\/\/sodapl.com\/en\/produkt\/raport-placowy-soda-2024\/\" \/>\n<meta property=\"og:site_name\" content=\"SoDA\" \/>\n<meta property=\"article:modified_time\" content=\"2025-01-15T14:32:30+00:00\" \/>\n<meta property=\"og:image\" content=\"https:\/\/sodapl.com\/wp-content\/uploads\/2024\/03\/Perfect_Binding_Brochure_Mockup_3-1-1024x768.png\" \/>\n\t<meta property=\"og:image:width\" content=\"1024\" \/>\n\t<meta property=\"og:image:height\" content=\"768\" \/>\n\t<meta property=\"og:image:type\" content=\"image\/png\" \/>\n<meta name=\"twitter:card\" content=\"summary_large_image\" \/>\n<script type=\"application\/ld+json\" class=\"yoast-schema-graph\">{\"@context\":\"https:\/\/schema.org\",\"@graph\":[{\"@type\":\"WebPage\",\"@id\":\"https:\/\/sodapl.com\/en\/produkt\/raport-placowy-soda-2024\/\",\"url\":\"https:\/\/sodapl.com\/en\/produkt\/raport-placowy-soda-2024\/\",\"name\":\"Raport P\u0142acowy IT SoDA 2024 - SoDA\",\"isPartOf\":{\"@id\":\"https:\/\/sodapl.com\/en\/#website\"},\"primaryImageOfPage\":{\"@id\":\"https:\/\/sodapl.com\/en\/produkt\/raport-placowy-soda-2024\/#primaryimage\"},\"image\":{\"@id\":\"https:\/\/sodapl.com\/en\/produkt\/raport-placowy-soda-2024\/#primaryimage\"},\"thumbnailUrl\":\"https:\/\/sodapl.com\/wp-content\/uploads\/2024\/03\/Perfect_Binding_Brochure_Mockup_3-1.png\",\"datePublished\":\"2024-03-26T10:26:50+00:00\",\"dateModified\":\"2025-01-15T14:32:30+00:00\",\"description\":\"Poznaj najnowsze dane dotycz\u0105ce wynagrodze\u0144, trend\u00f3w i wyzwa\u0144 w IT, oparte o rzeczywiste zarobki pracownik\u00f3w!\",\"breadcrumb\":{\"@id\":\"https:\/\/sodapl.com\/en\/produkt\/raport-placowy-soda-2024\/#breadcrumb\"},\"inLanguage\":\"en-US\",\"potentialAction\":[{\"@type\":\"ReadAction\",\"target\":[\"https:\/\/sodapl.com\/en\/produkt\/raport-placowy-soda-2024\/\"]}]},{\"@type\":\"ImageObject\",\"inLanguage\":\"en-US\",\"@id\":\"https:\/\/sodapl.com\/en\/produkt\/raport-placowy-soda-2024\/#primaryimage\",\"url\":\"https:\/\/sodapl.com\/wp-content\/uploads\/2024\/03\/Perfect_Binding_Brochure_Mockup_3-1.png\",\"contentUrl\":\"https:\/\/sodapl.com\/wp-content\/uploads\/2024\/03\/Perfect_Binding_Brochure_Mockup_3-1.png\",\"width\":3000,\"height\":2250},{\"@type\":\"BreadcrumbList\",\"@id\":\"https:\/\/sodapl.com\/en\/produkt\/raport-placowy-soda-2024\/#breadcrumb\",\"itemListElement\":[{\"@type\":\"ListItem\",\"position\":1,\"name\":\"Strona g\u0142\u00f3wna\",\"item\":\"https:\/\/sodapl.com\/en\/\"},{\"@type\":\"ListItem\",\"position\":2,\"name\":\"Products\",\"item\":\"https:\/\/sodapl.com\/en\/shop\/\"},{\"@type\":\"ListItem\",\"position\":3,\"name\":\"Raport P\u0142acowy IT SoDA 2024\"}]},{\"@type\":\"WebSite\",\"@id\":\"https:\/\/sodapl.com\/en\/#website\",\"url\":\"https:\/\/sodapl.com\/en\/\",\"name\":\"SoDA\",\"description\":\"\",\"publisher\":{\"@id\":\"https:\/\/sodapl.com\/en\/#organization\"},\"potentialAction\":[{\"@type\":\"SearchAction\",\"target\":{\"@type\":\"EntryPoint\",\"urlTemplate\":\"https:\/\/sodapl.com\/en\/?s={search_term_string}\"},\"query-input\":{\"@type\":\"PropertyValueSpecification\",\"valueRequired\":true,\"valueName\":\"search_term_string\"}}],\"inLanguage\":\"en-US\"},{\"@type\":\"Organization\",\"@id\":\"https:\/\/sodapl.com\/en\/#organization\",\"name\":\"SoDA\",\"url\":\"https:\/\/sodapl.com\/en\/\",\"logo\":{\"@type\":\"ImageObject\",\"inLanguage\":\"en-US\",\"@id\":\"https:\/\/sodapl.com\/en\/#\/schema\/logo\/image\/\",\"url\":\"https:\/\/sodapl.com\/wp-content\/uploads\/2022\/09\/SoDA_LOGO_FULL_COLOR-cropped.svg\",\"contentUrl\":\"https:\/\/sodapl.com\/wp-content\/uploads\/2022\/09\/SoDA_LOGO_FULL_COLOR-cropped.svg\",\"width\":230,\"height\":68,\"caption\":\"SoDA\"},\"image\":{\"@id\":\"https:\/\/sodapl.com\/en\/#\/schema\/logo\/image\/\"},\"sameAs\":[\"https:\/\/pl.linkedin.com\/company\/sodapl-software-development-association-poland\"]}]}<\/script>\n<!-- \/ Yoast SEO plugin. -->","yoast_head_json":{"title":"Raport P\u0142acowy IT SoDA 2024 - SoDA","description":"Poznaj najnowsze dane dotycz\u0105ce wynagrodze\u0144, trend\u00f3w i wyzwa\u0144 w IT, oparte o rzeczywiste zarobki pracownik\u00f3w!","robots":{"index":"index","follow":"follow","max-snippet":"max-snippet:-1","max-image-preview":"max-image-preview:large","max-video-preview":"max-video-preview:-1"},"canonical":"https:\/\/sodapl.com\/en\/produkt\/raport-placowy-soda-2024\/","og_locale":"en_US","og_type":"article","og_title":"Raport P\u0142acowy IT SoDA 2024 - SoDA","og_description":"Poznaj najnowsze dane dotycz\u0105ce wynagrodze\u0144, trend\u00f3w i wyzwa\u0144 w IT, oparte o rzeczywiste zarobki pracownik\u00f3w!","og_url":"https:\/\/sodapl.com\/en\/produkt\/raport-placowy-soda-2024\/","og_site_name":"SoDA","article_modified_time":"2025-01-15T14:32:30+00:00","og_image":[{"width":1024,"height":768,"url":"https:\/\/sodapl.com\/wp-content\/uploads\/2024\/03\/Perfect_Binding_Brochure_Mockup_3-1-1024x768.png","type":"image\/png"}],"twitter_card":"summary_large_image","schema":{"@context":"https:\/\/schema.org","@graph":[{"@type":"WebPage","@id":"https:\/\/sodapl.com\/en\/produkt\/raport-placowy-soda-2024\/","url":"https:\/\/sodapl.com\/en\/produkt\/raport-placowy-soda-2024\/","name":"Raport P\u0142acowy IT SoDA 2024 - SoDA","isPartOf":{"@id":"https:\/\/sodapl.com\/en\/#website"},"primaryImageOfPage":{"@id":"https:\/\/sodapl.com\/en\/produkt\/raport-placowy-soda-2024\/#primaryimage"},"image":{"@id":"https:\/\/sodapl.com\/en\/produkt\/raport-placowy-soda-2024\/#primaryimage"},"thumbnailUrl":"https:\/\/sodapl.com\/wp-content\/uploads\/2024\/03\/Perfect_Binding_Brochure_Mockup_3-1.png","datePublished":"2024-03-26T10:26:50+00:00","dateModified":"2025-01-15T14:32:30+00:00","description":"Poznaj najnowsze dane dotycz\u0105ce wynagrodze\u0144, trend\u00f3w i wyzwa\u0144 w IT, oparte o rzeczywiste zarobki pracownik\u00f3w!","breadcrumb":{"@id":"https:\/\/sodapl.com\/en\/produkt\/raport-placowy-soda-2024\/#breadcrumb"},"inLanguage":"en-US","potentialAction":[{"@type":"ReadAction","target":["https:\/\/sodapl.com\/en\/produkt\/raport-placowy-soda-2024\/"]}]},{"@type":"ImageObject","inLanguage":"en-US","@id":"https:\/\/sodapl.com\/en\/produkt\/raport-placowy-soda-2024\/#primaryimage","url":"https:\/\/sodapl.com\/wp-content\/uploads\/2024\/03\/Perfect_Binding_Brochure_Mockup_3-1.png","contentUrl":"https:\/\/sodapl.com\/wp-content\/uploads\/2024\/03\/Perfect_Binding_Brochure_Mockup_3-1.png","width":3000,"height":2250},{"@type":"BreadcrumbList","@id":"https:\/\/sodapl.com\/en\/produkt\/raport-placowy-soda-2024\/#breadcrumb","itemListElement":[{"@type":"ListItem","position":1,"name":"Strona g\u0142\u00f3wna","item":"https:\/\/sodapl.com\/en\/"},{"@type":"ListItem","position":2,"name":"Products","item":"https:\/\/sodapl.com\/en\/shop\/"},{"@type":"ListItem","position":3,"name":"Raport P\u0142acowy IT SoDA 2024"}]},{"@type":"WebSite","@id":"https:\/\/sodapl.com\/en\/#website","url":"https:\/\/sodapl.com\/en\/","name":"SoDA","description":"","publisher":{"@id":"https:\/\/sodapl.com\/en\/#organization"},"potentialAction":[{"@type":"SearchAction","target":{"@type":"EntryPoint","urlTemplate":"https:\/\/sodapl.com\/en\/?s={search_term_string}"},"query-input":{"@type":"PropertyValueSpecification","valueRequired":true,"valueName":"search_term_string"}}],"inLanguage":"en-US"},{"@type":"Organization","@id":"https:\/\/sodapl.com\/en\/#organization","name":"SoDA","url":"https:\/\/sodapl.com\/en\/","logo":{"@type":"ImageObject","inLanguage":"en-US","@id":"https:\/\/sodapl.com\/en\/#\/schema\/logo\/image\/","url":"https:\/\/sodapl.com\/wp-content\/uploads\/2022\/09\/SoDA_LOGO_FULL_COLOR-cropped.svg","contentUrl":"https:\/\/sodapl.com\/wp-content\/uploads\/2022\/09\/SoDA_LOGO_FULL_COLOR-cropped.svg","width":230,"height":68,"caption":"SoDA"},"image":{"@id":"https:\/\/sodapl.com\/en\/#\/schema\/logo\/image\/"},"sameAs":["https:\/\/pl.linkedin.com\/company\/sodapl-software-development-association-poland"]}]}},"_links":{"self":[{"href":"https:\/\/sodapl.com\/en\/wp-json\/wp\/v2\/product\/11244","targetHints":{"allow":["GET"]}}],"collection":[{"href":"https:\/\/sodapl.com\/en\/wp-json\/wp\/v2\/product"}],"about":[{"href":"https:\/\/sodapl.com\/en\/wp-json\/wp\/v2\/types\/product"}],"wp:featuredmedia":[{"embeddable":true,"href":"https:\/\/sodapl.com\/en\/wp-json\/wp\/v2\/media\/11256"}],"wp:attachment":[{"href":"https:\/\/sodapl.com\/en\/wp-json\/wp\/v2\/media?parent=11244"}],"wp:term":[{"taxonomy":"product_brand","embeddable":true,"href":"https:\/\/sodapl.com\/en\/wp-json\/wp\/v2\/product_brand?post=11244"},{"taxonomy":"product_cat","embeddable":true,"href":"https:\/\/sodapl.com\/en\/wp-json\/wp\/v2\/product_cat?post=11244"},{"taxonomy":"product_tag","embeddable":true,"href":"https:\/\/sodapl.com\/en\/wp-json\/wp\/v2\/product_tag?post=11244"}],"curies":[{"name":"wp","href":"https:\/\/api.w.org\/{rel}","templated":true}]}}